{"id":3,"date":"2022-11-11T10:33:26","date_gmt":"2022-11-11T10:33:26","guid":{"rendered":"http:\/\/expandingintospain.com\/?page_id=3"},"modified":"2022-11-28T11:05:12","modified_gmt":"2022-11-28T11:05:12","slug":"privacy-policy","status":"publish","type":"page","link":"https:\/\/expandingintospain.com\/en\/privacy-policy","title":{"rendered":"Privacy policy"},"content":{"rendered":"<h1>Pol\u00edtica de privacidad<\/h1>\n<div>\n<p>Su privacidad es importante para nosotros, as\u00ed que, mediante este documento, le explicamos qu\u00e9 datos recogemos de los usuarios, como los utilizamos y para qu\u00e9, entre otras indicaciones. Los mayores de 14 a\u00f1os podr\u00e1n registrarse como usuarios sin el previo consentimiento de sus padres, tutores o representantes legales. En caso de menores de 14 a\u00f1os o identificados como \u00abincapaces legalmente\u00bb, siempre necesitaremos del consentimiento paterno, o del tutor \/ a o representante legal.<\/p>\n<p>Para su informaci\u00f3n, nunca pediremos m\u00e1s informaci\u00f3n de la que realmente necesitaremos para los servicios requeridos; nunca la compartiremos con terceros, excepto por obligaci\u00f3n legal o con su autorizaci\u00f3n previa; y nunca utilizaremos sus datos para otra finalidad no indicada previamente.<\/p>\n<p>Como usuarios, deber\u00e1 leer atentamente esta Pol\u00edtica de privacidad de manera regular, y siempre que introduzca sus datos personales, ya que este documento puede sufrir modificaciones ya que el prestador puede modificar cualquier tipo de informaci\u00f3n que pudiera aparecer en la web para cumplir con la normativa o actualizar la pol\u00edtica, y sin que exista la obligaci\u00f3n de preavisar o poner en conocimiento de los usuarios dichas obligaciones, siendo suficientes la publicaci\u00f3n en el sitio web del prestador.<\/p>\n<p>La empresa para la que se aplica la presente pol\u00edtica de privacidad es:<\/p>\n<p>ACTIVA VENTAS DESARROLLO COMERCIAL SL (en adelante Activa Ventas)<br \/>Domicilio social:\u00a0Ronda de Los Cuarteles 54, 1B \u2013\u00a026005 Logro\u00f1o, La Rioja\u00a0<\/p>\n<p>CIF: B26544692<\/p>\n<p><strong>Activa Ventas<\/strong><span>, como responsable del sitio web, de conformidad con lo dispuesto en el Reglamento (UE) 2016\/679 de 27 de abril de 2016 (RGPD) relativo a la protecci\u00f3n de las personas f\u00edsicas en lo que respecta al tratamiento de datos personales ya la libre circulaci\u00f3n de estos datos y dem\u00e1s normativa vigente en materia de protecci\u00f3n de datos personales, y por la Ley 34\/2002, de 11 de julio, de Servicios de la Sociedad de la Informaci\u00f3n y del Comercio Electr\u00f3nico (LSSICE), le informa que tiene implementadas las medidas de seguridad necesarias, de \u00edndole t\u00e9cnica y organizativas, para garantizar y proteger la confidencialidad, integridad y disponibilidad de los datos introducidos.<\/span><\/p>\n<\/p>\n<p>El m\u00e9todo de recolecci\u00f3n de datos de esta web es mediante el formulario de contacto: nombre, email, tel\u00e9fono.<\/p>\n<p>Sus datos personales s\u00f3lo se utilizar\u00e1n<strong><span>\u00a0<\/span><\/strong>para responder a las consultas y \/ o proporcionar informaciones requeridas por el Usuario.<\/p>\n<\/p>\n<p><strong><u>LEGITIMACI\u00d3N DEL TRATAMIENTO<\/u><\/strong><\/p>\n<p>Los responsables que forman parte de<span>\u00a0<\/span><strong>Activa Ventas<\/strong><span>\u00a0<\/span>pueden amparar la transmisi\u00f3n de los datos personales con fines administrativos internos entre ellas, en el Inter\u00e9s leg\u00edtimo de acuerdo a lo regulado en el considerando 48 del RGPD.<\/p>\n<p>La base legal para el tratamiento de los datos es su consentimiento otorgado en el momento de dar sus datos en el formulario correspondiente para llevar a cabo las finalidades, en el momento de marcaci\u00f3n de la casilla de verificaci\u00f3n.<\/p>\n<p>El no facilitar los datos personales solicitados o el no aceptar la presente pol\u00edtica de privacidad supone la imposibilidad de conseguir las finalidades anteriormente descritas.<\/p>\n<p>En los casos en que haya una previa relaci\u00f3n contractual entre las partes, la legitimaci\u00f3n para el desarrollo de las obligaciones administrativas, fiscales, contables y laborales que sean necesarias en virtud de la legislaci\u00f3n vigente ser\u00e1\u00a0la existencia previa de la relaci\u00f3n comercial\u00a0establecida entre las partes.<\/p>\n<p>La oferta prospectiva o comercial de productos y servicios est\u00e1 basada en el consentimiento que se le solicita, sin que en ning\u00fan caso la retirada de este consentimiento condicione la ejecuci\u00f3n del contrato de suscripci\u00f3n.<\/p>\n<p><strong><u>PLAZO DE CONSERVACI\u00d3N DE LOS DATOS:<\/u><\/strong><\/p>\n<p>Sus datos se conservar\u00e1n mientras dure la relaci\u00f3n comercial con nosotros o ejerce su derecho de cancelaci\u00f3n u oposici\u00f3n, o limitaci\u00f3n al tratamiento. Sin embargo, conservaremos sus datos en los plazos legalmente previstos en las disposiciones aplicables.<\/p>\n<p><strong><u>DESTINATARIOS DE CESIONES O TRANSFERENCIAS:<\/u><\/strong><\/p>\n<p><strong>Activa Ventas<\/strong><span>\u00a0<\/span>podr\u00e1 contratar determinados servicios la prestaci\u00f3n de los cuales la realizar\u00e1n terceras empresas (Encargados del tratamiento) a las que se les comunicar\u00e1n sus datos. Con todas estas empresas se firma el correspondiente contrato de encargado de tratamiento para garantizar que el uso de los datos personales a los que les damos acceso para la prestaci\u00f3n del servicio se realice de acuerdo a la legislaci\u00f3n vigente en materia de protecci\u00f3n de datos.<\/p>\n<p>Se podr\u00e1n ceder sus datos entre las empresas de<span>\u00a0<\/span><strong>Activa Ventas<\/strong><span>\u00a0<\/span>y a las fuerzas y cuerpos de seguridad bajo orden judicial o por obligaci\u00f3n de una norma legal, sin perjuicio de poder bloquear o cancelar su cuenta si puede haber indicios de la comisi\u00f3n de alg\u00fan delito por parte del usuario. La informaci\u00f3n facilitada ser\u00e1 s\u00f3lo la que disponga en ese momento el prestador.<\/p>\n<p>La informaci\u00f3n que nos proporcione a trav\u00e9s de este sitio web ser\u00e1 alojada en los servidores de<span>\u00a0<\/span><strong>Activa Ventas<\/strong>, contratados a la empresa IONOS Cloud S.L.U. con direcci\u00f3n en Avenida de la Vega, 1 Edificio Veganova 3, Planta 5 Puerta C, Alcobendas, 28108, Madrid, que presta el servicio de alojamiento de la web. El tratamiento de los datos de la entidad se encuentra regulado mediante un contrato de encargado del tratamiento entre el prestador y esta empresa.<\/p>\n<\/div>\n<p><!--more--><br \/>\n<!-- {\"type\":\"layout\",\"children\":[{\"type\":\"section\",\"props\":{\"image_position\":\"center-center\",\"style\":\"default\",\"title_breakpoint\":\"xl\",\"title_position\":\"top-left\",\"title_rotation\":\"left\",\"vertical_align\":\"middle\",\"width\":\"default\"},\"children\":[{\"type\":\"row\",\"children\":[{\"type\":\"column\",\"props\":{\"image_position\":\"center-center\",\"media_overlay_gradient\":\"\",\"position_sticky_breakpoint\":\"m\"},\"children\":[{\"type\":\"headline\",\"props\":{\"content\":\"Pol\\u00edtica de privacidad\",\"title_element\":\"h1\"}},{\"type\":\"text\",\"props\":{\"column_breakpoint\":\"m\",\"content\":\"\n\n<p>Su privacidad es importante para nosotros, as\\u00ed que, mediante este documento, le explicamos qu\\u00e9 datos recogemos de los usuarios, como los utilizamos y para qu\\u00e9, entre otras indicaciones. Los mayores de 14 a\\u00f1os podr\\u00e1n registrarse como usuarios sin el previo consentimiento de sus padres, tutores o representantes legales. En caso de menores de 14 a\\u00f1os o identificados como \\u00abincapaces legalmente\\u00bb, siempre necesitaremos del consentimiento paterno, o del tutor \\\/ a o representante legal.<\\\/p>\\n\n\n<p>Para su informaci\\u00f3n, nunca pediremos m\\u00e1s informaci\\u00f3n de la que realmente necesitaremos para los servicios requeridos; nunca la compartiremos con terceros, excepto por obligaci\\u00f3n legal o con su autorizaci\\u00f3n previa; y nunca utilizaremos sus datos para otra finalidad no indicada previamente.<\\\/p>\\n\n\n<p>Como usuarios, deber\\u00e1 leer atentamente esta Pol\\u00edtica de privacidad de manera regular, y siempre que introduzca sus datos personales, ya que este documento puede sufrir modificaciones ya que el prestador puede modificar cualquier tipo de informaci\\u00f3n que pudiera aparecer en la web para cumplir con la normativa o actualizar la pol\\u00edtica, y sin que exista la obligaci\\u00f3n de preavisar o poner en conocimiento de los usuarios dichas obligaciones, siendo suficientes la publicaci\\u00f3n en el sitio web del prestador.<\\\/p>\\n\n\n<p>La empresa para la que se aplica la presente pol\\u00edtica de privacidad es:<\\\/p>\\n\n\n<p>ACTIVA VENTAS DESARROLLO COMERCIAL SL (en adelante Activa Ventas)<br \\\/>Domicilio social:\\u00a0Ronda de Los Cuarteles 54, 1B \\u2013\\u00a026005 Logro\\u00f1o, La Rioja\\u00a0<\\\/p>\\n\n\n<p>CIF: B26544692<\\\/p>\\n\n\n<p><strong>Activa Ventas<\\\/strong><span>, como responsable del sitio web, de conformidad con lo dispuesto en el Reglamento (UE) 2016\\\/679 de 27 de abril de 2016 (RGPD) relativo a la protecci\\u00f3n de las personas f\\u00edsicas en lo que respecta al tratamiento de datos personales ya la libre circulaci\\u00f3n de estos datos y dem\\u00e1s normativa vigente en materia de protecci\\u00f3n de datos personales, y por la Ley 34\\\/2002, de 11 de julio, de Servicios de la Sociedad de la Informaci\\u00f3n y del Comercio Electr\\u00f3nico (LSSICE), le informa que tiene implementadas las medidas de seguridad necesarias, de \\u00edndole t\\u00e9cnica y organizativas, para garantizar y proteger la confidencialidad, integridad y disponibilidad de los datos introducidos.<\\\/span><\\\/p>\\n\n\n<p><\\\/p>\\n\n\n<p>El m\\u00e9todo de recolecci\\u00f3n de datos de esta web es mediante el formulario de contacto: nombre, email, tel\\u00e9fono.<\\\/p>\\n\n\n<p>Sus datos personales s\\u00f3lo se utilizar\\u00e1n<strong><span>\\u00a0<\\\/span><\\\/strong>para responder a las consultas y \\\/ o proporcionar informaciones requeridas por el Usuario.<\\\/p>\\n\n\n<p><\\\/p>\\n\n\n<p><strong><u>LEGITIMACI\\u00d3N DEL TRATAMIENTO<\\\/u><\\\/strong><\\\/p>\\n\n\n<p>Los responsables que forman parte de<span>\\u00a0<\\\/span><strong>Activa Ventas<\\\/strong><span>\\u00a0<\\\/span>pueden amparar la transmisi\\u00f3n de los datos personales con fines administrativos internos entre ellas, en el Inter\\u00e9s leg\\u00edtimo de acuerdo a lo regulado en el considerando 48 del RGPD.<\\\/p>\\n\n\n<p>La base legal para el tratamiento de los datos es su consentimiento otorgado en el momento de dar sus datos en el formulario correspondiente para llevar a cabo las finalidades, en el momento de marcaci\\u00f3n de la casilla de verificaci\\u00f3n.<\\\/p>\\n\n\n<p>El no facilitar los datos personales solicitados o el no aceptar la presente pol\\u00edtica de privacidad supone la imposibilidad de conseguir las finalidades anteriormente descritas.<\\\/p>\\n\n\n<p>En los casos en que haya una previa relaci\\u00f3n contractual entre las partes, la legitimaci\\u00f3n para el desarrollo de las obligaciones administrativas, fiscales, contables y laborales que sean necesarias en virtud de la legislaci\\u00f3n vigente ser\\u00e1\\u00a0la existencia previa de la relaci\\u00f3n comercial\\u00a0establecida entre las partes.<\\\/p>\\n\n\n<p>La oferta prospectiva o comercial de productos y servicios est\\u00e1 basada en el consentimiento que se le solicita, sin que en ning\\u00fan caso la retirada de este consentimiento condicione la ejecuci\\u00f3n del contrato de suscripci\\u00f3n.<\\\/p>\\n\n\n<p><strong><u>PLAZO DE CONSERVACI\\u00d3N DE LOS DATOS:<\\\/u><\\\/strong><\\\/p>\\n\n\n<p>Sus datos se conservar\\u00e1n mientras dure la relaci\\u00f3n comercial con nosotros o ejerce su derecho de cancelaci\\u00f3n u oposici\\u00f3n, o limitaci\\u00f3n al tratamiento. Sin embargo, conservaremos sus datos en los plazos legalmente previstos en las disposiciones aplicables.<\\\/p>\\n\n\n<p><strong><u>DESTINATARIOS DE CESIONES O TRANSFERENCIAS:<\\\/u><\\\/strong><\\\/p>\\n\n\n<p><strong>Activa Ventas<\\\/strong><span>\\u00a0<\\\/span>podr\\u00e1 contratar determinados servicios la prestaci\\u00f3n de los cuales la realizar\\u00e1n terceras empresas (Encargados del tratamiento) a las que se les comunicar\\u00e1n sus datos. Con todas estas empresas se firma el correspondiente contrato de encargado de tratamiento para garantizar que el uso de los datos personales a los que les damos acceso para la prestaci\\u00f3n del servicio se realice de acuerdo a la legislaci\\u00f3n vigente en materia de protecci\\u00f3n de datos.<\\\/p>\\n\n\n<p>Se podr\\u00e1n ceder sus datos entre las empresas de<span>\\u00a0<\\\/span><strong>Activa Ventas<\\\/strong><span>\\u00a0<\\\/span>y a las fuerzas y cuerpos de seguridad bajo orden judicial o por obligaci\\u00f3n de una norma legal, sin perjuicio de poder bloquear o cancelar su cuenta si puede haber indicios de la comisi\\u00f3n de alg\\u00fan delito por parte del usuario. La informaci\\u00f3n facilitada ser\\u00e1 s\\u00f3lo la que disponga en ese momento el prestador.<\\\/p>\\n\n\n<p>La informaci\\u00f3n que nos proporcione a trav\\u00e9s de este sitio web ser\\u00e1 alojada en los servidores de<span>\\u00a0<\\\/span><strong>Activa Ventas<\\\/strong>, contratados a la empresa IONOS Cloud S.L.U. con direcci\\u00f3n en Avenida de la Vega, 1 Edificio Veganova 3, Planta 5 Puerta C, Alcobendas, 28108, Madrid, que presta el servicio de alojamiento de la web. El tratamiento de los datos de la entidad se encuentra regulado mediante un contrato de encargado del tratamiento entre el prestador y esta empresa.<\\\/p>\",\"margin\":\"default\"}}]}]}]}],\"version\":\"3.0.10\"} --><\/p>\n","protected":false},"excerpt":{"rendered":"<p>Pol\u00edtica de privacidad Su privacidad es importante para nosotros, as\u00ed que, mediante este documento, le explicamos qu\u00e9 datos recogemos de los usuarios, como los utilizamos y para qu\u00e9, entre otras indicaciones. Los mayores de 14 a\u00f1os podr\u00e1n registrarse como usuarios sin el previo consentimiento de sus padres, tutores o representantes legales. En caso de menores [&hellip;]<\/p>\n","protected":false},"author":1,"featured_media":0,"parent":0,"menu_order":0,"comment_status":"closed","ping_status":"closed","template":"","meta":{"footnotes":""},"class_list":["post-3","page","type-page","status-publish","hentry"],"jetpack_sharing_enabled":true,"_links":{"self":[{"href":"https:\/\/expandingintospain.com\/en\/wp-json\/wp\/v2\/pages\/3","targetHints":{"allow":["GET"]}}],"collection":[{"href":"https:\/\/expandingintospain.com\/en\/wp-json\/wp\/v2\/pages"}],"about":[{"href":"https:\/\/expandingintospain.com\/en\/wp-json\/wp\/v2\/types\/page"}],"author":[{"embeddable":true,"href":"https:\/\/expandingintospain.com\/en\/wp-json\/wp\/v2\/users\/1"}],"replies":[{"embeddable":true,"href":"https:\/\/expandingintospain.com\/en\/wp-json\/wp\/v2\/comments?post=3"}],"version-history":[{"count":3,"href":"https:\/\/expandingintospain.com\/en\/wp-json\/wp\/v2\/pages\/3\/revisions"}],"predecessor-version":[{"id":171,"href":"https:\/\/expandingintospain.com\/en\/wp-json\/wp\/v2\/pages\/3\/revisions\/171"}],"wp:attachment":[{"href":"https:\/\/expandingintospain.com\/en\/wp-json\/wp\/v2\/media?parent=3"}],"curies":[{"name":"wp","href":"https:\/\/api.w.org\/{rel}","templated":true}]}}