{"id":30,"date":"2022-11-11T13:42:13","date_gmt":"2022-11-11T13:42:13","guid":{"rendered":"http:\/\/expandingintospain.com\/?page_id=30"},"modified":"2022-11-15T11:57:55","modified_gmt":"2022-11-15T11:57:55","slug":"servicios","status":"publish","type":"page","link":"https:\/\/expandingintospain.com\/en\/servicios","title":{"rendered":"Services"},"content":{"rendered":"<h1>Conocemos el territorio para implantarte r\u00e1pida y eficazmente.<\/h1>\n<h1>\n<h2>\u00bfEn qu\u00e9 podemos ayudarte?<\/h2>\n<\/h1>\n<div>\n<p>Nuestro objetivo cuando colaboramos con un nuevo cliente es ofrecer valor a\u00f1adido. Establecemos tu negocio eficientemente en Espa\u00f1a y desarrollamos una estrategia integral para crecer en este mercado.<\/p>\n<p>Para conseguirlo, participamos durante las primeras fases de estrategia e implantaci\u00f3n del proyecto, transmitiendo nuestro conocimiento al equipo de la empresa para que nuestra intervenci\u00f3n termine con la autonom\u00eda del equipo comercial.<\/p>\n<p>Cuando trabajamos en internacionalizaci\u00f3n, lo hacemos en alguna de las siguientes \u00e1reas, siempre apoyados en nuestros 3 pilares: ventas, innovaci\u00f3n y tecnolog\u00eda.<\/p>\n<\/div>\n<ul>\n<li>\n<p>        <img decoding=\"async\" src=\"\/wp-content\/uploads\/2022\/11\/Creacion-de-equipo.png\" alt=\"\"><\/p>\n<h3>Creaci\u00f3n del equipo<\/h3>\n<div>\n<p>Te ayudamos a dimensionar el equipo comercial necesario para alcanzar tus objetivos en zona, utilizando nuestra red de contactos para agilizar el reclutamiento de los perfiles m\u00e1s adecuados para cada tarea.<\/p>\n<p>Trabajamos mano a mano con los responsables elegidos para mejorar su liderazgo y el seguimiento del equipo, adapt\u00e1ndolo a cada perfil. As\u00ed mismo, formamos a la plantilla en t\u00e9cnicas de venta, estructura, softskills y tecnolog\u00eda.<\/p>\n<\/div>\n<\/li>\n<li>\n<p>        <img decoding=\"async\" src=\"\/wp-content\/uploads\/2022\/11\/Canal-de-distribucion.png\" alt=\"\"><\/p>\n<h3>Canal de distribuci\u00f3n<\/h3>\n<div>\n<p>Te ayudamos a establecer la estructura, la estrategia comercial y la gesti\u00f3n del canal de distribuci\u00f3n, para que hagas crecer tu red de ventas contando con los mejores aliados en cada zona.<\/p>\n<p>Estudiamos y seleccionamos los mejores partners, estableciendo las condiciones de la colaboraci\u00f3n. Tambi\u00e9n realizamos el seguimiento de la actividad generada por cada uno de ellos, asegurando que se cumplan tus objetivos de desarrollo.<\/p>\n<\/div>\n<\/li>\n<li>\n<p>        <img decoding=\"async\" src=\"\/wp-content\/uploads\/2022\/11\/Desarrollo-comercial.png\" alt=\"\"><\/p>\n<h3>Desarrollo y seguimiento comercial<\/h3>\n<div>\n<p>Trabajamos mano a mano con el country manager para crear un proceso de ventas estructurado con el que conseguir vuestros objetivos comerciales, utilizando los recursos internos y externos de la empresa.<\/p>\n<p>Definimos el perfil de cliente ideal y estudiamos el mercado para asegurar que hay un n\u00famero suficiente de potenciales clientes para lograr el objetivo, estableciendo las acciones necesarias a llevar a cabo y preparando al equipo para realizarlas.<\/p>\n<\/div>\n<\/li>\n<li>\n<p>        <img decoding=\"async\" src=\"\/wp-content\/uploads\/2022\/11\/Tecnologia.png\" alt=\"\"><\/p>\n<h3>Tecnolog\u00eda aplicada<\/h3>\n<div>\n<p>La tecnolog\u00eda puede ayudarnos enormemente a realizar un correcto seguimiento de las ventas y facilitando la toma de decisiones estrat\u00e9gicas, cobrando una tremenda relevancia en un proyecto de expansi\u00f3n internacional.<\/p>\n<p>Trabajamos con herramientas de CRM y BI para hacer el seguimiento de actividad, conversiones, cifra de ventas, crecimientos, etc. Independientemente del proveedor de software que decidas, podemos ayudarte a sacarle el m\u00e1ximo partido.<\/p>\n<\/div>\n<\/li>\n<\/ul>\n<div>\n<h2>\u00a1Cu\u00e9ntanos tu reto!<\/h2>\n<\/div>\n<div>\n<div class=\"wpforms-container wpforms-container-full\" id=\"wpforms-81\"><form id=\"wpforms-form-81\" class=\"wpforms-validate wpforms-form wpforms-ajax-form\" data-formid=\"81\" method=\"post\" enctype=\"multipart\/form-data\" action=\"\/en\/wp-json\/wp\/v2\/pages\/30\" data-token=\"9ab355f468fc95a0c8757f7121af4287\" data-token-time=\"1776520380\"><noscript class=\"wpforms-error-noscript\">Please enable JavaScript in your browser to complete this form.<\/noscript><div class=\"wpforms-field-container\"><div id=\"wpforms-81-field_0-container\" class=\"wpforms-field wpforms-field-name\" data-field-id=\"0\"><label class=\"wpforms-field-label\" for=\"wpforms-81-field_0\">Nombre <span class=\"wpforms-required-label\">*<\/span><\/label><input type=\"text\" id=\"wpforms-81-field_0\" class=\"wpforms-field-medium wpforms-field-required\" name=\"wpforms[fields][0]\" required><\/div><div id=\"wpforms-81-field_3-container\" class=\"wpforms-field wpforms-field-number\" data-field-id=\"3\"><label class=\"wpforms-field-label\" for=\"wpforms-81-field_3\">Tel\u00e9fono <span class=\"wpforms-required-label\">*<\/span><\/label><input type=\"number\" id=\"wpforms-81-field_3\" class=\"wpforms-field-medium wpforms-field-required\" name=\"wpforms[fields][3]\" step=\"any\" required><\/div><div id=\"wpforms-81-field_1-container\" class=\"wpforms-field wpforms-field-email\" data-field-id=\"1\"><label class=\"wpforms-field-label\" for=\"wpforms-81-field_1\">Correo electr\u00f3nico <span class=\"wpforms-required-label\">*<\/span><\/label><input type=\"email\" id=\"wpforms-81-field_1\" class=\"wpforms-field-medium wpforms-field-required\" name=\"wpforms[fields][1]\" spellcheck=\"false\" required><\/div><div id=\"wpforms-81-field_2-container\" class=\"wpforms-field wpforms-field-textarea\" data-field-id=\"2\"><label class=\"wpforms-field-label\" for=\"wpforms-81-field_2\">Cu\u00e9ntanos tu caso <span class=\"wpforms-required-label\">*<\/span><\/label><textarea id=\"wpforms-81-field_2\" class=\"wpforms-field-medium wpforms-field-required\" name=\"wpforms[fields][2]\" required><\/textarea><\/div><div id=\"wpforms-81-field_4-container\" class=\"wpforms-field wpforms-field-checkbox\" data-field-id=\"4\"><label class=\"wpforms-field-label\">Pol\u00edtica de privacidad <span class=\"wpforms-required-label\">*<\/span><\/label><ul id=\"wpforms-81-field_4\" class=\"wpforms-field-required\"><li class=\"choice-1 depth-1\"><input type=\"checkbox\" id=\"wpforms-81-field_4_1\" name=\"wpforms[fields][4][]\" value=\"He le\u00eddo y acepto la pol\u00edtica de privacidad de este espacio web.\" required ><label class=\"wpforms-field-label-inline\" for=\"wpforms-81-field_4_1\">He le\u00eddo y acepto la pol\u00edtica de privacidad de este espacio web.<\/label><\/li><\/ul><div class=\"wpforms-field-description\">Debe leer y aceptar la <a href=\"http:\/\/expandingintospain.com\/privacy-policy\">pol\u00edtica de privacidad<\/a> antes de enviarnos la informaci\u00f3n que recoge este formulario.<\/div><\/div><\/div><!-- .wpforms-field-container --><div class=\"wpforms-recaptcha-container wpforms-is-recaptcha wpforms-is-recaptcha-type-invisible\" ><div class=\"g-recaptcha\" data-sitekey=\"6LcKgecjAAAAAP99KI6GwbBleR4ZJA7IX4LdrOV9\" data-size=\"invisible\"><\/div><\/div><div class=\"wpforms-submit-container\" ><input type=\"hidden\" name=\"wpforms[id]\" value=\"81\"><input type=\"hidden\" name=\"page_title\" value=\"\"><input type=\"hidden\" name=\"page_url\" value=\"https:\/\/expandingintospain.com\/en\/wp-json\/wp\/v2\/pages\/30\"><input type=\"hidden\" name=\"url_referer\" value=\"\"><button type=\"submit\" name=\"wpforms[submit]\" id=\"wpforms-submit-81\" class=\"wpforms-submit\" data-alt-text=\"Enviando...\" data-submit-text=\"Enviar\" aria-live=\"assertive\" value=\"wpforms-submit\">Enviar<\/button><img loading=\"lazy\" decoding=\"async\" src=\"https:\/\/expandingintospain.com\/wp-content\/plugins\/wpforms-lite\/assets\/images\/submit-spin.svg\" class=\"wpforms-submit-spinner\" style=\"display: none;\" width=\"26\" height=\"26\" alt=\"Loading\"><\/div><\/form><\/div>  <!-- .wpforms-container --><\/div>\n<p><!--more--><br \/>\n<!-- {\"type\":\"layout\",\"children\":[{\"type\":\"section\",\"props\":{\"image_position\":\"center-center\",\"padding\":\"large\",\"style\":\"secondary\",\"title_breakpoint\":\"xl\",\"title_position\":\"top-left\",\"title_rotation\":\"left\",\"vertical_align\":\"middle\",\"width\":\"small\"},\"children\":[{\"type\":\"row\",\"children\":[{\"type\":\"column\",\"props\":{\"image_position\":\"center-center\",\"media_overlay_gradient\":\"\",\"position_sticky_breakpoint\":\"m\",\"width_medium\":\"\"},\"children\":[{\"type\":\"headline\",\"props\":{\"content\":\"Conocemos el territorio para implantarte r\\u00e1pida y eficazmente.\",\"text_align\":\"center\",\"title_element\":\"h1\"}}]}]}],\"name\":\"ENCABEZAMIENTO\"},{\"type\":\"section\",\"props\":{\"image_position\":\"center-center\",\"padding_remove_bottom\":true,\"style\":\"default\",\"title_breakpoint\":\"xl\",\"title_position\":\"top-left\",\"title_rotation\":\"left\",\"vertical_align\":\"middle\",\"width\":\"default\"},\"children\":[{\"type\":\"row\",\"props\":{\"layout\":\"1-2,1-2\"},\"children\":[{\"type\":\"column\",\"props\":{\"image_position\":\"center-center\",\"media_overlay_gradient\":\"\",\"position_sticky_breakpoint\":\"m\",\"width_medium\":\"1-2\"},\"children\":[{\"type\":\"headline\",\"props\":{\"content\":\"\n\n<h2>\\u00bfEn qu\\u00e9 podemos ayudarte?<\\\/h2>\",\"title_element\":\"h1\"}},{\"type\":\"text\",\"props\":{\"column_breakpoint\":\"m\",\"content\":\"\n\n<p>Nuestro objetivo cuando colaboramos con un nuevo cliente es ofrecer valor a\\u00f1adido. Establecemos tu negocio eficientemente en Espa\\u00f1a y desarrollamos una estrategia integral para crecer en este mercado.<\\\/p>\\n\n\n<p>Para conseguirlo, participamos durante las primeras fases de estrategia e implantaci\\u00f3n del proyecto, transmitiendo nuestro conocimiento al equipo de la empresa para que nuestra intervenci\\u00f3n termine con la autonom\\u00eda del equipo comercial.<\\\/p>\\n\n\n<p>Cuando trabajamos en internacionalizaci\\u00f3n, lo hacemos en alguna de las siguientes \\u00e1reas, siempre apoyados en nuestros 3 pilares: ventas, innovaci\\u00f3n y tecnolog\\u00eda.<\\\/p>\",\"margin\":\"default\"}}]},{\"type\":\"column\",\"props\":{\"image_position\":\"center-center\",\"media_overlay_gradient\":\"\",\"position_sticky_breakpoint\":\"m\",\"width_medium\":\"1-2\"},\"children\":[]}]}],\"name\":\"INTRO\"},{\"type\":\"section\",\"props\":{\"image_position\":\"center-center\",\"style\":\"default\",\"title_breakpoint\":\"xl\",\"title_position\":\"top-left\",\"title_rotation\":\"left\",\"vertical_align\":\"middle\",\"width\":\"default\"},\"children\":[{\"type\":\"row\",\"children\":[{\"type\":\"column\",\"props\":{\"image_position\":\"center-center\",\"media_overlay_gradient\":\"\",\"position_sticky_breakpoint\":\"m\"},\"children\":[{\"type\":\"grid\",\"props\":{\"content_column_breakpoint\":\"m\",\"filter_align\":\"left\",\"filter_all\":true,\"filter_grid_breakpoint\":\"m\",\"filter_grid_width\":\"auto\",\"filter_position\":\"top\",\"filter_style\":\"tab\",\"grid_default\":\"1\",\"grid_medium\":\"2\",\"icon_width\":80,\"image_align\":\"top\",\"image_grid_breakpoint\":\"m\",\"image_grid_width\":\"1-2\",\"image_svg_color\":\"emphasis\",\"image_width\":\"100\",\"item_animation\":true,\"link_style\":\"default\",\"link_text\":\"Read more\",\"margin\":\"default\",\"meta_align\":\"below-title\",\"meta_element\":\"div\",\"meta_style\":\"text-meta\",\"show_content\":true,\"show_image\":true,\"show_link\":true,\"show_meta\":true,\"show_title\":true,\"text_align\":\"left\",\"title_align\":\"top\",\"title_element\":\"h3\",\"title_grid_breakpoint\":\"m\",\"title_grid_width\":\"1-2\",\"title_hover_style\":\"reset\"},\"children\":[{\"type\":\"grid_item\",\"props\":{\"content\":\"\n\n<p>Te ayudamos a dimensionar el equipo comercial necesario para alcanzar tus objetivos en zona, utilizando nuestra red de contactos para agilizar el reclutamiento de los perfiles m\\u00e1s adecuados para cada tarea.<\\\/p>\\n\n\n<p>Trabajamos mano a mano con los responsables elegidos para mejorar su liderazgo y el seguimiento del equipo, adapt\\u00e1ndolo a cada perfil. As\\u00ed mismo, formamos a la plantilla en t\\u00e9cnicas de venta, estructura, softskills y tecnolog\\u00eda.<\\\/p>\",\"image\":\"wp-content\\\/uploads\\\/2022\\\/11\\\/Creacion-de-equipo.png\",\"title\":\"Creaci\\u00f3n del equipo\"}},{\"type\":\"grid_item\",\"props\":{\"content\":\"\n\n<p>Te ayudamos a establecer la estructura, la estrategia comercial y la gesti\\u00f3n del canal de distribuci\\u00f3n, para que hagas crecer tu red de ventas contando con los mejores aliados en cada zona.<\\\/p>\\n\n\n<p>Estudiamos y seleccionamos los mejores partners, estableciendo las condiciones de la colaboraci\\u00f3n. Tambi\\u00e9n realizamos el seguimiento de la actividad generada por cada uno de ellos, asegurando que se cumplan tus objetivos de desarrollo.<\\\/p>\",\"image\":\"wp-content\\\/uploads\\\/2022\\\/11\\\/Canal-de-distribucion.png\",\"title\":\"Canal de distribuci\\u00f3n\"}},{\"type\":\"grid_item\",\"props\":{\"content\":\"\n\n<p>Trabajamos mano a mano con el country manager para crear un proceso de ventas estructurado con el que conseguir vuestros objetivos comerciales, utilizando los recursos internos y externos de la empresa.<\\\/p>\\n\n\n<p>Definimos el perfil de cliente ideal y estudiamos el mercado para asegurar que hay un n\\u00famero suficiente de potenciales clientes para lograr el objetivo, estableciendo las acciones necesarias a llevar a cabo y preparando al equipo para realizarlas.<\\\/p>\",\"image\":\"wp-content\\\/uploads\\\/2022\\\/11\\\/Desarrollo-comercial.png\",\"title\":\"Desarrollo y seguimiento comercial\"}},{\"type\":\"grid_item\",\"props\":{\"content\":\"\n\n<p>La tecnolog\\u00eda puede ayudarnos enormemente a realizar un correcto seguimiento de las ventas y facilitando la toma de decisiones estrat\\u00e9gicas, cobrando una tremenda relevancia en un proyecto de expansi\\u00f3n internacional.<\\\/p>\\n\n\n<p>Trabajamos con herramientas de CRM y BI para hacer el seguimiento de actividad, conversiones, cifra de ventas, crecimientos, etc. Independientemente del proveedor de software que decidas, podemos ayudarte a sacarle el m\\u00e1ximo partido.<\\\/p>\",\"image\":\"wp-content\\\/uploads\\\/2022\\\/11\\\/Tecnologia.png\",\"title\":\"Tecnolog\\u00eda aplicada\"}}]}]}]},{\"type\":\"row\",\"children\":[{\"type\":\"column\",\"props\":{\"image_position\":\"center-center\",\"media_overlay_gradient\":\"\",\"position_sticky_breakpoint\":\"m\"},\"children\":[]}]}],\"name\":\"SERVICIOS\"},{\"type\":\"section\",\"props\":{\"image_position\":\"center-center\",\"style\":\"primary\",\"title_breakpoint\":\"xl\",\"title_position\":\"top-left\",\"title_rotation\":\"left\",\"vertical_align\":\"middle\",\"width\":\"default\"},\"children\":[{\"type\":\"row\",\"children\":[{\"type\":\"column\",\"props\":{\"image_position\":\"center-center\",\"media_overlay_gradient\":\"\",\"position_sticky_breakpoint\":\"m\"},\"children\":[{\"type\":\"text\",\"props\":{\"column_breakpoint\":\"m\",\"content\":\"\n\n<h2>\\u00a1Cu\\u00e9ntanos tu reto!<\\\/h2>\",\"margin\":\"default\"}},{\"type\":\"html\",\"props\":{\"content\":\"[wpforms id=\\\"81\\\" title=\\\"false\\\" description=\\\"false\\\"]\"}}]}]}],\"name\":\"FORMULARIO CONTACTO\"}],\"version\":\"3.0.10\"} --><\/p>\n","protected":false},"excerpt":{"rendered":"<p>Conocemos el territorio para implantarte r\u00e1pida y eficazmente. \u00bfEn qu\u00e9 podemos ayudarte? Nuestro objetivo cuando colaboramos con un nuevo cliente es ofrecer valor a\u00f1adido. Establecemos tu negocio eficientemente en Espa\u00f1a y desarrollamos una estrategia integral para crecer en este mercado. Para conseguirlo, participamos durante las primeras fases de estrategia e implantaci\u00f3n del proyecto, transmitiendo nuestro [&hellip;]<\/p>\n","protected":false},"author":1,"featured_media":0,"parent":0,"menu_order":0,"comment_status":"closed","ping_status":"closed","template":"","meta":{"footnotes":""},"class_list":["post-30","page","type-page","status-publish","hentry"],"jetpack_sharing_enabled":true,"_links":{"self":[{"href":"https:\/\/expandingintospain.com\/en\/wp-json\/wp\/v2\/pages\/30","targetHints":{"allow":["GET"]}}],"collection":[{"href":"https:\/\/expandingintospain.com\/en\/wp-json\/wp\/v2\/pages"}],"about":[{"href":"https:\/\/expandingintospain.com\/en\/wp-json\/wp\/v2\/types\/page"}],"author":[{"embeddable":true,"href":"https:\/\/expandingintospain.com\/en\/wp-json\/wp\/v2\/users\/1"}],"replies":[{"embeddable":true,"href":"https:\/\/expandingintospain.com\/en\/wp-json\/wp\/v2\/comments?post=30"}],"version-history":[{"count":17,"href":"https:\/\/expandingintospain.com\/en\/wp-json\/wp\/v2\/pages\/30\/revisions"}],"predecessor-version":[{"id":140,"href":"https:\/\/expandingintospain.com\/en\/wp-json\/wp\/v2\/pages\/30\/revisions\/140"}],"wp:attachment":[{"href":"https:\/\/expandingintospain.com\/en\/wp-json\/wp\/v2\/media?parent=30"}],"curies":[{"name":"wp","href":"https:\/\/api.w.org\/{rel}","templated":true}]}}